{"id":17,"date":"2023-09-01T10:46:48","date_gmt":"2023-09-01T08:46:48","guid":{"rendered":"https:\/\/mocar.es\/?page_id=17"},"modified":"2024-02-21T18:34:37","modified_gmt":"2024-02-21T17:34:37","slug":"inicio","status":"publish","type":"page","link":"https:\/\/mocar.es\/en\/","title":{"rendered":"Home"},"content":{"rendered":"<div class=\"gb-container gb-container-49072a82\" id=\"alq-coches\">\n<div class=\"gb-container gb-container-0118f92f\">\n<div class=\"gb-container gb-container-cfad964e\">\n\n<h2 class=\"gb-headline gb-headline-7d60bdef gb-headline-text\">Rental cars<\/h2>\n\n<\/div>\n\n<div class=\"gb-container gb-container-be123286\">\n\n\n\n<iframe src=\"https:\/\/reservas.mocar.es\/?search=1&#038;idioma=en\" style=\"width: 100%; max-width: 1024px; height: 425px\" scrolling=\"no\" frameborder=\"0\"><\/iframe>\n\n<\/div>\n\n<div class=\"gb-container gb-container-76063a68\">\n\n<p class=\"gb-headline gb-headline-66009bd6 gb-headline-text\">Select your pick-up and drop-off dates and location to find the perfect vehicle to accompany you on your next adventure.<\/p>\n\n<\/div>\n<\/div>\n<\/div>\n\n<div class=\"gb-container gb-container-006d146b\">\n<div class=\"gb-container gb-container-66b9cdec\">\n<div class=\"gb-container gb-container-cc34bf72\">\n\n<h2 class=\"gb-headline gb-headline-ac47649c gb-headline-text\">Our Offices<\/h2>\n\n\n\n<p class=\"gb-headline gb-headline-7676b3f8 gb-headline-text\">We have vehicle pick-up and return offices at:<\/p>\n\n\n<div class=\"gb-container gb-container-177bb63f\">\n<div class=\"gb-grid-wrapper gb-grid-wrapper-22bbc215\">\n<div class=\"gb-grid-column gb-grid-column-5153592f\"><div class=\"gb-container gb-container-5153592f\">\n\n<p class=\"gb-headline gb-headline-a41cd32e\"><span class=\"gb-icon\"><svg aria-hidden=\"true\" role=\"img\" height=\"1em\" width=\"1em\" viewbox=\"0 0 384 512\" xmlns=\"http:\/\/www.w3.org\/2000\/svg\"><path fill=\"currentColor\" d=\"M172.268 501.67C26.97 291.031 0 269.413 0 192 0 85.961 85.961 0 192 0s192 85.961 192 192c0 77.413-26.97 99.031-172.268 309.67-9.535 13.774-29.93 13.773-39.464 0zM192 272c44.183 0 80-35.817 80-80s-35.817-80-80-80-80 35.817-80 80 35.817 80 80 80z\"><\/path><\/svg><\/span><span class=\"gb-headline-text\">MOJACAR<\/span><\/p>\n\n\n<div class=\"gb-container gb-container-17c7d8e9\">\n\n<iframe src=\"https:\/\/www.google.com\/maps\/embed?pb=!1m14!1m8!1m3!1d1157.8261629696467!2d-1.8411305545328487!3d37.114662314397926!3m2!1i1024!2i768!4f13.1!3m3!1m2!1s0xd7ad7f9dbc2a301%3A0x5837b4b852fc71af!2sMocar%20Rent%20a%20Car%20-%20Car%20Hire!5e0!3m2!1ses!2ses!4v1702233051627!5m2!1ses!2ses\" width=\"100%\" height=\"400\" style=\"border:0;\" allowfullscreen=\"\" loading=\"lazy\" referrerpolicy=\"no-referrer-when-downgrade\"><\/iframe>\n\n<\/div>\n<\/div><\/div>\n\n<div class=\"gb-grid-column gb-grid-column-a06441e6\"><div class=\"gb-container gb-container-a06441e6\">\n\n<p class=\"gb-headline gb-headline-c1c765d8\"><span class=\"gb-icon\"><svg viewbox=\"0 0 576 512\" height=\"1em\" xmlns=\"http:\/\/www.w3.org\/2000\/svg\"><path d=\"M482.3 192c34.2 0 93.7 29 93.7 64c0 36-59.5 64-93.7 64l-116.6 0L265.2 495.9c-5.7 10-16.3 16.1-27.8 16.1l-56.2 0c-10.6 0-18.3-10.2-15.4-20.4l49-171.6L112 320 68.8 377.6c-3 4-7.8 6.4-12.8 6.4l-42 0c-7.8 0-14-6.3-14-14c0-1.3 .2-2.6 .5-3.9L32 256 .5 145.9c-.4-1.3-.5-2.6-.5-3.9c0-7.8 6.3-14 14-14l42 0c5 0 9.8 2.4 12.8 6.4L112 192l102.9 0-49-171.6C162.9 10.2 170.6 0 181.2 0l56.2 0c11.5 0 22.1 6.2 27.8 16.1L365.7 192l116.6 0z\"><\/path><\/svg><\/span><span class=\"gb-headline-text\"><a href=\"https:\/\/mocar.es\/wp-content\/uploads\/instrucciones-alicante-pdf.pdf\">Alicante Airport<\/a><\/span><\/p>\n\n<\/div><\/div>\n\n<div class=\"gb-grid-column gb-grid-column-7595cbfc\"><div class=\"gb-container gb-container-7595cbfc\">\n\n<p class=\"gb-headline gb-headline-8c0b41e1\"><span class=\"gb-icon\"><svg viewbox=\"0 0 576 512\" height=\"1em\" xmlns=\"http:\/\/www.w3.org\/2000\/svg\"><path d=\"M482.3 192c34.2 0 93.7 29 93.7 64c0 36-59.5 64-93.7 64l-116.6 0L265.2 495.9c-5.7 10-16.3 16.1-27.8 16.1l-56.2 0c-10.6 0-18.3-10.2-15.4-20.4l49-171.6L112 320 68.8 377.6c-3 4-7.8 6.4-12.8 6.4l-42 0c-7.8 0-14-6.3-14-14c0-1.3 .2-2.6 .5-3.9L32 256 .5 145.9c-.4-1.3-.5-2.6-.5-3.9c0-7.8 6.3-14 14-14l42 0c5 0 9.8 2.4 12.8 6.4L112 192l102.9 0-49-171.6C162.9 10.2 170.6 0 181.2 0l56.2 0c11.5 0 22.1 6.2 27.8 16.1L365.7 192l116.6 0z\"><\/path><\/svg><\/span><span class=\"gb-headline-text\">Almeria Airport<\/span><\/p>\n\n<\/div><\/div>\n\n<div class=\"gb-grid-column gb-grid-column-b4c70815\"><div class=\"gb-container gb-container-b4c70815\">\n\n<p class=\"gb-headline gb-headline-7020a037\"><span class=\"gb-icon\"><svg viewbox=\"0 0 576 512\" height=\"1em\" xmlns=\"http:\/\/www.w3.org\/2000\/svg\"><path d=\"M482.3 192c34.2 0 93.7 29 93.7 64c0 36-59.5 64-93.7 64l-116.6 0L265.2 495.9c-5.7 10-16.3 16.1-27.8 16.1l-56.2 0c-10.6 0-18.3-10.2-15.4-20.4l49-171.6L112 320 68.8 377.6c-3 4-7.8 6.4-12.8 6.4l-42 0c-7.8 0-14-6.3-14-14c0-1.3 .2-2.6 .5-3.9L32 256 .5 145.9c-.4-1.3-.5-2.6-.5-3.9c0-7.8 6.3-14 14-14l42 0c5 0 9.8 2.4 12.8 6.4L112 192l102.9 0-49-171.6C162.9 10.2 170.6 0 181.2 0l56.2 0c11.5 0 22.1 6.2 27.8 16.1L365.7 192l116.6 0z\"><\/path><\/svg><\/span><span class=\"gb-headline-text\"><a href=\"https:\/\/mocar.es\/wp-content\/uploads\/instrucciones-murcia-pdf.pdf\">Murcia Airport<\/a><\/span><\/p>\n\n<\/div><\/div>\n<\/div>\n<\/div>\n<\/div>\n<\/div>\n<\/div>\n\n<div class=\"gb-container gb-container-cc7f0288\">\n<div class=\"gb-container gb-container-563955c9\">\n<div class=\"gb-grid-wrapper gb-grid-wrapper-d032e776\">\n<div class=\"gb-grid-column gb-grid-column-c2ec6b36\"><div class=\"gb-container gb-container-c2ec6b36\">\n\n<figure class=\"gb-block-image gb-block-image-72fb4d55\"><img loading=\"lazy\" decoding=\"async\" width=\"287\" height=\"73\" class=\"gb-image gb-image-72fb4d55\" src=\"https:\/\/mocar.es\/wp-content\/uploads\/logo-mocar.png\" alt=\"\"\/><\/figure>\n\n\n\n<p class=\"gb-headline gb-headline-2adf526f gb-headline-text\">A family company based in Moj\u00e1car (Almer\u00eda) that offers its services in the airports of Almer\u00eda, Alicante and Murcia, as well as in the nearby towns, with delivery service at home, if required.<\/p>\n\n\n\n<p class=\"gb-headline gb-headline-48935c33 gb-headline-text\">Our punctual and careful service, the familiar treatment with the client and a renewed fleet annually, are our greater guarantee.<\/p>\n\n\n\n<p class=\"gb-headline gb-headline-68b27d6b gb-headline-text\">Founded in 1982, we are one of the companies with the most experience in the sector, integrated by an excellent human team, that contributes all its effort to give the best service to the client.<\/p>\n\n<\/div><\/div>\n\n<div class=\"gb-grid-column gb-grid-column-64cba504\"><div class=\"gb-container gb-container-64cba504\"><a class=\"gb-container-link\" href=\"https:\/\/mocar.es\/wp-content\/uploads\/Mojacar-Village-Almeria-Andalusia-Spain-iStock_12764316_LARGE-2-scaled.jpg\"><\/a><\/div><\/div>\n<\/div>\n<\/div>\n<\/div>","protected":false},"excerpt":{"rendered":"<p>Alquiler de coches Seleccione las fechas y el lugar de recogida y devoluci\u00f3n para encontrar el veh\u00edculo perfecto que lo acompa\u00f1ar\u00e1 en su pr\u00f3xima aventura. NUESTRAS oficinas Disponemos de oficinas de recogida y devoluci\u00f3n de veh\u00edculos en:<\/p>","protected":false},"author":1,"featured_media":0,"parent":0,"menu_order":0,"comment_status":"closed","ping_status":"closed","template":"","meta":{"footnotes":""},"class_list":["post-17","page","type-page","status-publish"],"acf":[],"_links":{"self":[{"href":"https:\/\/mocar.es\/en\/wp-json\/wp\/v2\/pages\/17","targetHints":{"allow":["GET"]}}],"collection":[{"href":"https:\/\/mocar.es\/en\/wp-json\/wp\/v2\/pages"}],"about":[{"href":"https:\/\/mocar.es\/en\/wp-json\/wp\/v2\/types\/page"}],"author":[{"embeddable":true,"href":"https:\/\/mocar.es\/en\/wp-json\/wp\/v2\/users\/1"}],"replies":[{"embeddable":true,"href":"https:\/\/mocar.es\/en\/wp-json\/wp\/v2\/comments?post=17"}],"version-history":[{"count":111,"href":"https:\/\/mocar.es\/en\/wp-json\/wp\/v2\/pages\/17\/revisions"}],"predecessor-version":[{"id":1075,"href":"https:\/\/mocar.es\/en\/wp-json\/wp\/v2\/pages\/17\/revisions\/1075"}],"wp:attachment":[{"href":"https:\/\/mocar.es\/en\/wp-json\/wp\/v2\/media?parent=17"}],"curies":[{"name":"wp","href":"https:\/\/api.w.org\/{rel}","templated":true}]}}